{"id":92,"date":"2016-04-17T10:26:13","date_gmt":"2016-04-17T08:26:13","guid":{"rendered":"http:\/\/abmarine.fr\/?page_id=92"},"modified":"2017-04-26T19:53:48","modified_gmt":"2017-04-26T17:53:48","slug":"eclipse-602","status":"publish","type":"page","link":"https:\/\/abmarine.fr\/index.php\/la-gamme-eclipse\/eclipse-602\/","title":{"rendered":"Eclipse 602"},"content":{"rendered":"<h1>Pr\u00e9sentation<\/h1>\n<p><img loading=\"lazy\" decoding=\"async\" class=\"wp-image-204 aligncenter\" src=\"http:\/\/abmarine.fr\/wp-content\/uploads\/2016\/04\/Location-AB-Marine-Eclipse-602-\u00e0-Ajaccio-ClickBoat-Mozilla-Firefox-1-300x133.jpg\" alt=\"Location AB Marine Eclipse 602 \u00e0 Ajaccio - Click&amp;Boat - Mozilla Firefox\" width=\"645\" height=\"286\" srcset=\"https:\/\/abmarine.fr\/wp-content\/uploads\/2016\/04\/Location-AB-Marine-Eclipse-602-\u00e0-Ajaccio-ClickBoat-Mozilla-Firefox-1-300x133.jpg 300w, https:\/\/abmarine.fr\/wp-content\/uploads\/2016\/04\/Location-AB-Marine-Eclipse-602-\u00e0-Ajaccio-ClickBoat-Mozilla-Firefox-1.jpg 765w\" sizes=\"auto, (max-width: 645px) 100vw, 645px\" \/><\/p>\n<ul>\n<li>Longueur : 18,3 m\u00e8tres<\/li>\n<li>Largeur : 10 m\u00e8tres<\/li>\n<li>D\u00e9placement : 15 tonnes<\/li>\n<li>Capacit\u00e9 : 12 personnes<\/li>\n<\/ul>\n<p><img loading=\"lazy\" decoding=\"async\" class=\"alignnone  wp-image-171\" src=\"http:\/\/abmarine.fr\/wp-content\/uploads\/2016\/04\/08-300x100.jpg\" alt=\"08\" width=\"684\" height=\"228\" srcset=\"https:\/\/abmarine.fr\/wp-content\/uploads\/2016\/04\/08-300x100.jpg 300w, https:\/\/abmarine.fr\/wp-content\/uploads\/2016\/04\/08-768x255.jpg 768w, https:\/\/abmarine.fr\/wp-content\/uploads\/2016\/04\/08-1024x340.jpg 1024w, https:\/\/abmarine.fr\/wp-content\/uploads\/2016\/04\/08.jpg 1500w\" sizes=\"auto, (max-width: 684px) 100vw, 684px\" \/><\/p>\n<p><img loading=\"lazy\" decoding=\"async\" class=\"alignnone wp-image-142\" src=\"http:\/\/abmarine.fr\/wp-content\/uploads\/2016\/04\/bibapo-30-1ere-sortie-003-225x300.jpg\" alt=\"bibapo 30 1ere sortie 003\" width=\"369\" height=\"492\" srcset=\"https:\/\/abmarine.fr\/wp-content\/uploads\/2016\/04\/bibapo-30-1ere-sortie-003-225x300.jpg 225w, https:\/\/abmarine.fr\/wp-content\/uploads\/2016\/04\/bibapo-30-1ere-sortie-003-768x1024.jpg 768w\" sizes=\"auto, (max-width: 369px) 100vw, 369px\" \/><\/p>\n","protected":false},"excerpt":{"rendered":"<p>Pr\u00e9sentation Longueur : 18,3 m\u00e8tres Largeur : 10 m\u00e8tres D\u00e9placement : 15 tonnes Capacit\u00e9 : 12 personnes<\/p>\n","protected":false},"author":2,"featured_media":0,"parent":86,"menu_order":3,"comment_status":"closed","ping_status":"closed","template":"","meta":{"om_disable_all_campaigns":false,"_monsterinsights_skip_tracking":false,"_monsterinsights_sitenote_active":false,"_monsterinsights_sitenote_note":"","_monsterinsights_sitenote_category":0,"footnotes":""},"class_list":["post-92","page","type-page","status-publish","hentry"],"aioseo_notices":[],"_links":{"self":[{"href":"https:\/\/abmarine.fr\/index.php\/wp-json\/wp\/v2\/pages\/92","targetHints":{"allow":["GET"]}}],"collection":[{"href":"https:\/\/abmarine.fr\/index.php\/wp-json\/wp\/v2\/pages"}],"about":[{"href":"https:\/\/abmarine.fr\/index.php\/wp-json\/wp\/v2\/types\/page"}],"author":[{"embeddable":true,"href":"https:\/\/abmarine.fr\/index.php\/wp-json\/wp\/v2\/users\/2"}],"replies":[{"embeddable":true,"href":"https:\/\/abmarine.fr\/index.php\/wp-json\/wp\/v2\/comments?post=92"}],"version-history":[{"count":5,"href":"https:\/\/abmarine.fr\/index.php\/wp-json\/wp\/v2\/pages\/92\/revisions"}],"predecessor-version":[{"id":207,"href":"https:\/\/abmarine.fr\/index.php\/wp-json\/wp\/v2\/pages\/92\/revisions\/207"}],"up":[{"embeddable":true,"href":"https:\/\/abmarine.fr\/index.php\/wp-json\/wp\/v2\/pages\/86"}],"wp:attachment":[{"href":"https:\/\/abmarine.fr\/index.php\/wp-json\/wp\/v2\/media?parent=92"}],"curies":[{"name":"wp","href":"https:\/\/api.w.org\/{rel}","templated":true}]}}