{"id":90,"date":"2016-04-17T10:07:35","date_gmt":"2016-04-17T08:07:35","guid":{"rendered":"http:\/\/abmarine.fr\/?page_id=90"},"modified":"2017-04-26T19:54:04","modified_gmt":"2017-04-26T17:54:04","slug":"louer-une-place-au-port","status":"publish","type":"page","link":"https:\/\/abmarine.fr\/index.php\/louer-une-place-au-port\/","title":{"rendered":"Louer une place au port"},"content":{"rendered":"<h1><img loading=\"lazy\" decoding=\"async\" class=\"wp-image-186 aligncenter\" src=\"http:\/\/abmarine.fr\/wp-content\/uploads\/2016\/04\/561455_1697749313811131_1426180917515377359_n-300x80.jpg\" alt=\"561455_1697749313811131_1426180917515377359_n\" width=\"911\" height=\"243\" srcset=\"https:\/\/abmarine.fr\/wp-content\/uploads\/2016\/04\/561455_1697749313811131_1426180917515377359_n-300x80.jpg 300w, https:\/\/abmarine.fr\/wp-content\/uploads\/2016\/04\/561455_1697749313811131_1426180917515377359_n-768x206.jpg 768w, https:\/\/abmarine.fr\/wp-content\/uploads\/2016\/04\/561455_1697749313811131_1426180917515377359_n.jpg 960w\" sizes=\"auto, (max-width: 911px) 100vw, 911px\" \/><\/h1>\n<h1>Offre de port \u00e0 sec<\/h1>\n<p>AB Marine est en train d&rsquo;am\u00e9nager un terrain pour cr\u00e9er une offre de port \u00e0 sec pour diverses activit\u00e9s :<\/p>\n<ul>\n<li>Hivernage<\/li>\n<li>R\u00e9paration<\/li>\n<li>Refit<\/li>\n<li>Maintenance<\/li>\n<\/ul>\n<p>Ces services sont cr\u00e9\u00e9s pour les catamarans ou bateaux de taille importante.<\/p>\n<h1>Localisation :<\/h1>\n<div id=\"wpgmza_map_1\" class=\"wpgmza_map wpgmza-auto-left\" style=\"display:block;width:500px;height:400px;overflow:hidden;position:relative;\" data-map-id=\"1\" data-maps-engine=\"\" data-build-engine=\"atlas-novus\" data-shortcode-attributes=\"{&quot;id&quot;:&quot;1&quot;,&quot;zoom&quot;:false,&quot;width&quot;:false,&quot;height&quot;:false,&quot;marker&quot;:false,&quot;classname&quot;:false}\" data-settings=\"{&quot;map_title&quot;:&quot;Port&quot;,&quot;map_width&quot;:&quot;500&quot;,&quot;map_height&quot;:&quot;400&quot;,&quot;map_start_lat&quot;:&quot;43.400132&quot;,&quot;map_start_lng&quot;:&quot;5.040759&quot;,&quot;map_start_location&quot;:&quot;43.40013159999999,5.040759200000025&quot;,&quot;map_start_zoom&quot;:&quot;9&quot;,&quot;default_marker&quot;:&quot;0&quot;,&quot;type&quot;:&quot;1&quot;,&quot;alignment&quot;:&quot;2&quot;,&quot;directions_enabled&quot;:&quot;1&quot;,&quot;styling_enabled&quot;:&quot;0&quot;,&quot;styling_json&quot;:&quot;&quot;,&quot;active&quot;:&quot;0&quot;,&quot;kml&quot;:&quot;&quot;,&quot;bicycle&quot;:&quot;0&quot;,&quot;traffic&quot;:&quot;0&quot;,&quot;dbox&quot;:&quot;1&quot;,&quot;dbox_width&quot;:&quot;250&quot;,&quot;listmarkers&quot;:&quot;0&quot;,&quot;listmarkers_advanced&quot;:&quot;0&quot;,&quot;filterbycat&quot;:&quot;0&quot;,&quot;ugm_enabled&quot;:&quot;0&quot;,&quot;ugm_category_enabled&quot;:&quot;0&quot;,&quot;fusion&quot;:&quot;&quot;,&quot;map_width_type&quot;:&quot;px&quot;,&quot;map_height_type&quot;:&quot;px&quot;,&quot;mass_marker_support&quot;:&quot;1&quot;,&quot;ugm_access&quot;:&quot;0&quot;,&quot;order_markers_by&quot;:&quot;1&quot;,&quot;order_markers_choice&quot;:&quot;2&quot;,&quot;show_user_location&quot;:&quot;0&quot;,&quot;default_to&quot;:&quot;&quot;,&quot;store_locator_enabled&quot;:2,&quot;store_locator_distance&quot;:2,&quot;store_locator_bounce&quot;:1,&quot;store_locator_query_string&quot;:&quot;Code Postal \\\/ Adresse&quot;,&quot;wpgmza_store_locator_restrict&quot;:&quot;&quot;,&quot;map_max_zoom&quot;:&quot;1&quot;,&quot;transport_layer&quot;:0,&quot;wpgmza_theme_data&quot;:&quot;&quot;,&quot;id&quot;:1}\" ><\/div>\n","protected":false},"excerpt":{"rendered":"<p>Offre de port \u00e0 sec AB Marine est en train d&rsquo;am\u00e9nager un terrain pour cr\u00e9er une offre de port \u00e0 sec pour diverses activit\u00e9s : Hivernage R\u00e9paration Refit Maintenance Ces services sont cr\u00e9\u00e9s pour les catamarans ou bateaux de taille<\/p>\n","protected":false},"author":2,"featured_media":0,"parent":0,"menu_order":2,"comment_status":"closed","ping_status":"closed","template":"","meta":{"om_disable_all_campaigns":false,"_monsterinsights_skip_tracking":false,"_monsterinsights_sitenote_active":false,"_monsterinsights_sitenote_note":"","_monsterinsights_sitenote_category":0,"footnotes":""},"class_list":["post-90","page","type-page","status-publish","hentry"],"aioseo_notices":[],"_links":{"self":[{"href":"https:\/\/abmarine.fr\/index.php\/wp-json\/wp\/v2\/pages\/90","targetHints":{"allow":["GET"]}}],"collection":[{"href":"https:\/\/abmarine.fr\/index.php\/wp-json\/wp\/v2\/pages"}],"about":[{"href":"https:\/\/abmarine.fr\/index.php\/wp-json\/wp\/v2\/types\/page"}],"author":[{"embeddable":true,"href":"https:\/\/abmarine.fr\/index.php\/wp-json\/wp\/v2\/users\/2"}],"replies":[{"embeddable":true,"href":"https:\/\/abmarine.fr\/index.php\/wp-json\/wp\/v2\/comments?post=90"}],"version-history":[{"count":8,"href":"https:\/\/abmarine.fr\/index.php\/wp-json\/wp\/v2\/pages\/90\/revisions"}],"predecessor-version":[{"id":219,"href":"https:\/\/abmarine.fr\/index.php\/wp-json\/wp\/v2\/pages\/90\/revisions\/219"}],"wp:attachment":[{"href":"https:\/\/abmarine.fr\/index.php\/wp-json\/wp\/v2\/media?parent=90"}],"curies":[{"name":"wp","href":"https:\/\/api.w.org\/{rel}","templated":true}]}}