{"id":88,"date":"2016-04-17T10:03:12","date_gmt":"2016-04-17T08:03:12","guid":{"rendered":"http:\/\/abmarine.fr\/?page_id=88"},"modified":"2017-04-26T19:53:39","modified_gmt":"2017-04-26T17:53:39","slug":"eclipse-582","status":"publish","type":"page","link":"https:\/\/abmarine.fr\/index.php\/la-gamme-eclipse\/eclipse-582\/","title":{"rendered":"Eclipse 582"},"content":{"rendered":"<h1>Pr\u00e9sentation<\/h1>\n<p><img loading=\"lazy\" decoding=\"async\" class=\"wp-image-69 aligncenter\" src=\"http:\/\/abmarine.fr\/wp-content\/uploads\/2016\/04\/02-300x100.jpg\" alt=\"02\" width=\"750\" height=\"250\" srcset=\"https:\/\/abmarine.fr\/wp-content\/uploads\/2016\/04\/02-300x100.jpg 300w, https:\/\/abmarine.fr\/wp-content\/uploads\/2016\/04\/02-768x256.jpg 768w, https:\/\/abmarine.fr\/wp-content\/uploads\/2016\/04\/02-1024x341.jpg 1024w, https:\/\/abmarine.fr\/wp-content\/uploads\/2016\/04\/02.jpg 1500w\" sizes=\"auto, (max-width: 750px) 100vw, 750px\" \/><\/p>\n<ul>\n<li>Longueur : 17,7 m\u00e8tres<\/li>\n<li>Largeur : 8,3 m\u00e8tres<\/li>\n<li>D\u00e9placement : 11 tonnes<\/li>\n<li>Capacit\u00e9 en eau : 1200 litres<\/li>\n<li>Capacit\u00e9 en carburant : 800 litres<\/li>\n<\/ul>\n<p>La derni\u00e8re cr\u00e9ation du chantier AB Marine, et qui ne fait aucun compromis&#8230;<\/p>\n<p>Extr\u00eamement l\u00e9ger pour sa taille, et \u00e9quip\u00e9 pour faire le tour du monde !<\/p>\n<p><img loading=\"lazy\" decoding=\"async\" class=\"wp-image-60 alignleft\" src=\"http:\/\/abmarine.fr\/wp-content\/uploads\/2016\/04\/11885346_1632046797048050_6975482958595203842_n-300x169.jpg\" alt=\"11885346_1632046797048050_6975482958595203842_n\" width=\"500\" height=\"282\" srcset=\"https:\/\/abmarine.fr\/wp-content\/uploads\/2016\/04\/11885346_1632046797048050_6975482958595203842_n-300x169.jpg 300w, https:\/\/abmarine.fr\/wp-content\/uploads\/2016\/04\/11885346_1632046797048050_6975482958595203842_n-768x432.jpg 768w, https:\/\/abmarine.fr\/wp-content\/uploads\/2016\/04\/11885346_1632046797048050_6975482958595203842_n.jpg 960w\" sizes=\"auto, (max-width: 500px) 100vw, 500px\" \/><\/p>\n<p><img loading=\"lazy\" decoding=\"async\" class=\"alignnone wp-image-11\" src=\"http:\/\/abmarine.fr\/wp-content\/uploads\/2016\/04\/2015-08-09-11.22.04-300x169.jpg\" alt=\"2015-08-09 11.22.04\" width=\"509\" height=\"287\" srcset=\"https:\/\/abmarine.fr\/wp-content\/uploads\/2016\/04\/2015-08-09-11.22.04-300x169.jpg 300w, https:\/\/abmarine.fr\/wp-content\/uploads\/2016\/04\/2015-08-09-11.22.04-768x432.jpg 768w, https:\/\/abmarine.fr\/wp-content\/uploads\/2016\/04\/2015-08-09-11.22.04-1024x576.jpg 1024w, https:\/\/abmarine.fr\/wp-content\/uploads\/2016\/04\/2015-08-09-11.22.04-500x281.jpg 500w\" sizes=\"auto, (max-width: 509px) 100vw, 509px\" \/><\/p>\n<p><img loading=\"lazy\" decoding=\"async\" class=\"alignnone wp-image-54\" src=\"http:\/\/abmarine.fr\/wp-content\/uploads\/2016\/04\/11265237_1618358875083509_5803202530169644044_n-300x169.jpg\" alt=\"11265237_1618358875083509_5803202530169644044_n\" width=\"505\" height=\"284\" srcset=\"https:\/\/abmarine.fr\/wp-content\/uploads\/2016\/04\/11265237_1618358875083509_5803202530169644044_n-300x169.jpg 300w, https:\/\/abmarine.fr\/wp-content\/uploads\/2016\/04\/11265237_1618358875083509_5803202530169644044_n-768x432.jpg 768w, https:\/\/abmarine.fr\/wp-content\/uploads\/2016\/04\/11265237_1618358875083509_5803202530169644044_n.jpg 960w\" sizes=\"auto, (max-width: 505px) 100vw, 505px\" \/><\/p>\n<p><span style=\"text-decoration: underline;\">Vid\u00e9o d&rsquo;un 582 \u00e0 22 n\u0153uds :<\/span><\/p>\n<div class=\"kad-youtube-shortcode videofit\"  ><iframe loading=\"lazy\" width=\"600\" height=\"400\" src=\"\/\/www.youtube.com\/embed\/zqjgJZLNn_Q?autoplay=0&amp;controls=1&amp;fs=1&amp;modestbranding=0&amp;theme=dark&amp;rel=0&amp;loop=0\" frameborder=\"0\" allowfullscreen=\"true\"><\/iframe><\/div>\n<p>Au niveau de La Ciotat, sous mistral, nous avons fait une pointe \u00e0 22 n\u0153uds !<\/p>\n<p>Ni agit\u00e9s, ni arros\u00e9s&#8230;<\/p>\n","protected":false},"excerpt":{"rendered":"<p>Pr\u00e9sentation Longueur : 17,7 m\u00e8tres Largeur : 8,3 m\u00e8tres D\u00e9placement : 11 tonnes Capacit\u00e9 en eau : 1200 litres Capacit\u00e9 en carburant : 800 litres La derni\u00e8re cr\u00e9ation du chantier AB Marine, et qui ne fait aucun compromis&#8230; Extr\u00eamement l\u00e9ger<\/p>\n","protected":false},"author":2,"featured_media":0,"parent":86,"menu_order":2,"comment_status":"closed","ping_status":"closed","template":"","meta":{"om_disable_all_campaigns":false,"_monsterinsights_skip_tracking":false,"_monsterinsights_sitenote_active":false,"_monsterinsights_sitenote_note":"","_monsterinsights_sitenote_category":0,"footnotes":""},"class_list":["post-88","page","type-page","status-publish","hentry"],"aioseo_notices":[],"_links":{"self":[{"href":"https:\/\/abmarine.fr\/index.php\/wp-json\/wp\/v2\/pages\/88","targetHints":{"allow":["GET"]}}],"collection":[{"href":"https:\/\/abmarine.fr\/index.php\/wp-json\/wp\/v2\/pages"}],"about":[{"href":"https:\/\/abmarine.fr\/index.php\/wp-json\/wp\/v2\/types\/page"}],"author":[{"embeddable":true,"href":"https:\/\/abmarine.fr\/index.php\/wp-json\/wp\/v2\/users\/2"}],"replies":[{"embeddable":true,"href":"https:\/\/abmarine.fr\/index.php\/wp-json\/wp\/v2\/comments?post=88"}],"version-history":[{"count":4,"href":"https:\/\/abmarine.fr\/index.php\/wp-json\/wp\/v2\/pages\/88\/revisions"}],"predecessor-version":[{"id":228,"href":"https:\/\/abmarine.fr\/index.php\/wp-json\/wp\/v2\/pages\/88\/revisions\/228"}],"up":[{"embeddable":true,"href":"https:\/\/abmarine.fr\/index.php\/wp-json\/wp\/v2\/pages\/86"}],"wp:attachment":[{"href":"https:\/\/abmarine.fr\/index.php\/wp-json\/wp\/v2\/media?parent=88"}],"curies":[{"name":"wp","href":"https:\/\/api.w.org\/{rel}","templated":true}]}}