{"id":34,"date":"2016-04-15T14:48:23","date_gmt":"2016-04-15T12:48:23","guid":{"rendered":"http:\/\/abmarine.fr\/?page_id=34"},"modified":"2017-04-26T19:53:29","modified_gmt":"2017-04-26T17:53:29","slug":"eclipse-472","status":"publish","type":"page","link":"https:\/\/abmarine.fr\/index.php\/la-gamme-eclipse\/eclipse-472\/","title":{"rendered":"Eclipse 472"},"content":{"rendered":"<h1>Pr\u00e9sentation<\/h1>\n<p><img loading=\"lazy\" decoding=\"async\" class=\"wp-image-172 aligncenter\" src=\"http:\/\/abmarine.fr\/wp-content\/uploads\/2016\/04\/cyflotin1-1-e1461170627934-300x129.jpg\" alt=\"cyflotin1\" width=\"828\" height=\"356\" srcset=\"https:\/\/abmarine.fr\/wp-content\/uploads\/2016\/04\/cyflotin1-1-e1461170627934-300x129.jpg 300w, https:\/\/abmarine.fr\/wp-content\/uploads\/2016\/04\/cyflotin1-1-e1461170627934-768x330.jpg 768w, https:\/\/abmarine.fr\/wp-content\/uploads\/2016\/04\/cyflotin1-1-e1461170627934-1024x440.jpg 1024w, https:\/\/abmarine.fr\/wp-content\/uploads\/2016\/04\/cyflotin1-1-e1461170627934.jpg 1200w\" sizes=\"auto, (max-width: 828px) 100vw, 828px\" \/><\/p>\n<p>Le plus petit et le plus l\u00e9ger de la gamme, mais tr\u00e8s performant tout en gardant le confort \u00e0 bord.<\/p>\n<h2>Caract\u00e9ristiques :<\/h2>\n<ul>\n<li><strong>Longueur : 14,71 m\u00e8tres<\/strong><\/li>\n<li><strong>Largeur : 7,4 \u00e8tres<\/strong><\/li>\n<li><strong>Tirant d&rsquo;eau : 1,25m<\/strong><\/li>\n<li><strong>D\u00e9placement : 7 tonnes<\/strong><\/li>\n<li><strong>Capacit\u00e9 carburant : 400 litres<br \/>\n<\/strong><\/li>\n<li><strong>Capacit\u00e9 en eau : 800 litres<br \/>\n<\/strong><\/li>\n<li><strong>4 cabines &#8211; 8 couchages<\/strong><\/li>\n<\/ul>\n<h2>Photos :<\/h2>\n<p><img loading=\"lazy\" decoding=\"async\" class=\"wp-image-153 aligncenter\" src=\"http:\/\/abmarine.fr\/wp-content\/uploads\/2016\/04\/P1010195-300x225.jpg\" alt=\"OLYMPUS DIGITAL CAMERA\" width=\"681\" height=\"511\" srcset=\"https:\/\/abmarine.fr\/wp-content\/uploads\/2016\/04\/P1010195-300x225.jpg 300w, https:\/\/abmarine.fr\/wp-content\/uploads\/2016\/04\/P1010195.jpg 640w\" sizes=\"auto, (max-width: 681px) 100vw, 681px\" \/><\/p>\n<p><img loading=\"lazy\" decoding=\"async\" class=\" wp-image-148 aligncenter\" src=\"http:\/\/abmarine.fr\/wp-content\/uploads\/2016\/04\/cyflotin-sorti-de-leau-225x300.jpg\" alt=\"cyflotin sorti de l'eau\" width=\"502\" height=\"669\" srcset=\"https:\/\/abmarine.fr\/wp-content\/uploads\/2016\/04\/cyflotin-sorti-de-leau-225x300.jpg 225w, https:\/\/abmarine.fr\/wp-content\/uploads\/2016\/04\/cyflotin-sorti-de-leau-768x1024.jpg 768w, https:\/\/abmarine.fr\/wp-content\/uploads\/2016\/04\/cyflotin-sorti-de-leau.jpg 1536w\" sizes=\"auto, (max-width: 502px) 100vw, 502px\" \/><\/p>\n<h2>Construction :<\/h2>\n<p>C&rsquo;est \u00e9galement l&rsquo;un des plus abordables pour une construction en <strong>kit : \u00e0 partir de 65 000 \u20ac<\/strong><\/p>\n<p><img loading=\"lazy\" decoding=\"async\" class=\" wp-image-151 aligncenter\" src=\"http:\/\/abmarine.fr\/wp-content\/uploads\/2016\/04\/eclipse-400heures-300x225.jpg\" alt=\"OLYMPUS DIGITAL CAMERA\" width=\"517\" height=\"388\" srcset=\"https:\/\/abmarine.fr\/wp-content\/uploads\/2016\/04\/eclipse-400heures-300x225.jpg 300w, https:\/\/abmarine.fr\/wp-content\/uploads\/2016\/04\/eclipse-400heures-768x576.jpg 768w, https:\/\/abmarine.fr\/wp-content\/uploads\/2016\/04\/eclipse-400heures-1024x768.jpg 1024w, https:\/\/abmarine.fr\/wp-content\/uploads\/2016\/04\/eclipse-400heures.jpg 1984w\" sizes=\"auto, (max-width: 517px) 100vw, 517px\" \/><\/p>\n<p>&nbsp;<\/p>\n<p><img loading=\"lazy\" decoding=\"async\" class=\"wp-image-156 aligncenter\" src=\"http:\/\/abmarine.fr\/wp-content\/uploads\/2016\/04\/pr\u00e9pa-roof-2-300x225.jpg\" alt=\"OLYMPUS DIGITAL CAMERA\" width=\"523\" height=\"392\" srcset=\"https:\/\/abmarine.fr\/wp-content\/uploads\/2016\/04\/pr\u00e9pa-roof-2-300x225.jpg 300w, https:\/\/abmarine.fr\/wp-content\/uploads\/2016\/04\/pr\u00e9pa-roof-2-768x576.jpg 768w, https:\/\/abmarine.fr\/wp-content\/uploads\/2016\/04\/pr\u00e9pa-roof-2-1024x768.jpg 1024w, https:\/\/abmarine.fr\/wp-content\/uploads\/2016\/04\/pr\u00e9pa-roof-2.jpg 1984w\" sizes=\"auto, (max-width: 523px) 100vw, 523px\" \/><\/p>\n<p><img loading=\"lazy\" decoding=\"async\" class=\"wp-image-155 aligncenter\" src=\"http:\/\/abmarine.fr\/wp-content\/uploads\/2016\/04\/pr\u00e9pa-roof-1-300x225.jpg\" alt=\"OLYMPUS DIGITAL CAMERA\" width=\"528\" height=\"396\" srcset=\"https:\/\/abmarine.fr\/wp-content\/uploads\/2016\/04\/pr\u00e9pa-roof-1-300x225.jpg 300w, https:\/\/abmarine.fr\/wp-content\/uploads\/2016\/04\/pr\u00e9pa-roof-1-768x576.jpg 768w, https:\/\/abmarine.fr\/wp-content\/uploads\/2016\/04\/pr\u00e9pa-roof-1-1024x768.jpg 1024w, https:\/\/abmarine.fr\/wp-content\/uploads\/2016\/04\/pr\u00e9pa-roof-1.jpg 1984w\" sizes=\"auto, (max-width: 528px) 100vw, 528px\" \/><\/p>\n<p><img loading=\"lazy\" decoding=\"async\" class=\"wp-image-150 aligncenter\" src=\"http:\/\/abmarine.fr\/wp-content\/uploads\/2016\/04\/d\u00e9partpeinture2-300x225.jpg\" alt=\"OLYMPUS DIGITAL CAMERA\" width=\"548\" height=\"411\" srcset=\"https:\/\/abmarine.fr\/wp-content\/uploads\/2016\/04\/d\u00e9partpeinture2-300x225.jpg 300w, https:\/\/abmarine.fr\/wp-content\/uploads\/2016\/04\/d\u00e9partpeinture2-768x576.jpg 768w, https:\/\/abmarine.fr\/wp-content\/uploads\/2016\/04\/d\u00e9partpeinture2-1024x768.jpg 1024w, https:\/\/abmarine.fr\/wp-content\/uploads\/2016\/04\/d\u00e9partpeinture2.jpg 1984w\" sizes=\"auto, (max-width: 548px) 100vw, 548px\" \/><\/p>\n","protected":false},"excerpt":{"rendered":"<p>Pr\u00e9sentation Le plus petit et le plus l\u00e9ger de la gamme, mais tr\u00e8s performant tout en gardant le confort \u00e0 bord. Caract\u00e9ristiques : Longueur : 14,71 m\u00e8tres Largeur : 7,4 \u00e8tres Tirant d&rsquo;eau : 1,25m D\u00e9placement : 7 tonnes Capacit\u00e9<\/p>\n","protected":false},"author":2,"featured_media":0,"parent":86,"menu_order":0,"comment_status":"closed","ping_status":"closed","template":"","meta":{"om_disable_all_campaigns":false,"_monsterinsights_skip_tracking":false,"_monsterinsights_sitenote_active":false,"_monsterinsights_sitenote_note":"","_monsterinsights_sitenote_category":0,"footnotes":""},"class_list":["post-34","page","type-page","status-publish","hentry"],"aioseo_notices":[],"_links":{"self":[{"href":"https:\/\/abmarine.fr\/index.php\/wp-json\/wp\/v2\/pages\/34","targetHints":{"allow":["GET"]}}],"collection":[{"href":"https:\/\/abmarine.fr\/index.php\/wp-json\/wp\/v2\/pages"}],"about":[{"href":"https:\/\/abmarine.fr\/index.php\/wp-json\/wp\/v2\/types\/page"}],"author":[{"embeddable":true,"href":"https:\/\/abmarine.fr\/index.php\/wp-json\/wp\/v2\/users\/2"}],"replies":[{"embeddable":true,"href":"https:\/\/abmarine.fr\/index.php\/wp-json\/wp\/v2\/comments?post=34"}],"version-history":[{"count":8,"href":"https:\/\/abmarine.fr\/index.php\/wp-json\/wp\/v2\/pages\/34\/revisions"}],"predecessor-version":[{"id":201,"href":"https:\/\/abmarine.fr\/index.php\/wp-json\/wp\/v2\/pages\/34\/revisions\/201"}],"up":[{"embeddable":true,"href":"https:\/\/abmarine.fr\/index.php\/wp-json\/wp\/v2\/pages\/86"}],"wp:attachment":[{"href":"https:\/\/abmarine.fr\/index.php\/wp-json\/wp\/v2\/media?parent=34"}],"curies":[{"name":"wp","href":"https:\/\/api.w.org\/{rel}","templated":true}]}}