{"id":29,"date":"2016-04-15T14:47:06","date_gmt":"2016-04-15T12:47:06","guid":{"rendered":"http:\/\/abmarine.fr\/?page_id=29"},"modified":"2017-04-26T19:53:33","modified_gmt":"2017-04-26T17:53:33","slug":"eclipse-552","status":"publish","type":"page","link":"https:\/\/abmarine.fr\/index.php\/la-gamme-eclipse\/eclipse-552\/","title":{"rendered":"Eclipse 552"},"content":{"rendered":"<h1>Pr\u00e9sentation<img loading=\"lazy\" decoding=\"async\" class=\" wp-image-44 aligncenter\" src=\"http:\/\/abmarine.fr\/wp-content\/uploads\/2016\/04\/1377558_1418226968430035_140757770_n-300x199.jpg\" alt=\"1377558_1418226968430035_140757770_n\" width=\"598\" height=\"397\" srcset=\"https:\/\/abmarine.fr\/wp-content\/uploads\/2016\/04\/1377558_1418226968430035_140757770_n-300x199.jpg 300w, https:\/\/abmarine.fr\/wp-content\/uploads\/2016\/04\/1377558_1418226968430035_140757770_n-768x510.jpg 768w, https:\/\/abmarine.fr\/wp-content\/uploads\/2016\/04\/1377558_1418226968430035_140757770_n.jpg 960w\" sizes=\"auto, (max-width: 598px) 100vw, 598px\" \/><\/h1>\n<p>L&rsquo;Eclipse 552 fut le premier bateau construit par AB Marine. Ses coques \u00e9troites en font un bateau tr\u00e8s rapide.<\/p>\n<ul>\n<li>Longueur : 16,82m<\/li>\n<li>Largeur : 8,50m<\/li>\n<li>D\u00e9placement : 12 tonnes<\/li>\n<li>Hauteur hors tout : 26m<\/li>\n<li>Capacit\u00e9 en eau : 1000 litres<\/li>\n<li>Capacit\u00e9 en carburant : 500 litres<\/li>\n<\/ul>\n<p><img loading=\"lazy\" decoding=\"async\" class=\"wp-image-194 aligncenter\" src=\"http:\/\/abmarine.fr\/wp-content\/uploads\/2016\/04\/2012-06-22-15.05.59-225x300.jpg\" alt=\"2012-06-22 15.05.59\" width=\"502\" height=\"669\" srcset=\"https:\/\/abmarine.fr\/wp-content\/uploads\/2016\/04\/2012-06-22-15.05.59-225x300.jpg 225w, https:\/\/abmarine.fr\/wp-content\/uploads\/2016\/04\/2012-06-22-15.05.59-768x1024.jpg 768w\" sizes=\"auto, (max-width: 502px) 100vw, 502px\" \/><\/p>\n<h2>Anecdote<\/h2>\n<p>Avec l&rsquo;Eclipse 552, le record de temps pour une <strong>travers\u00e9e Porquerolles-Ajaccio est de 11 heures<\/strong> ! La vid\u00e9o :<\/p>\n<p><iframe loading=\"lazy\" width=\"710\" height=\"533\" src=\"https:\/\/www.youtube.com\/embed\/78DER_VgMnA?feature=oembed\" frameborder=\"0\" allowfullscreen><\/iframe><\/p>\n<p>Des rafales \u00e0 54 noeuds et une pointe de vitesse \u00e0 24 noeuds ! On vous laisse appr\u00e9cier la taille des creux&#8230;<\/p>\n<p>&nbsp;<\/p>\n","protected":false},"excerpt":{"rendered":"<p>Pr\u00e9sentation L&rsquo;Eclipse 552 fut le premier bateau construit par AB Marine. Ses coques \u00e9troites en font un bateau tr\u00e8s rapide. Longueur : 16,82m Largeur : 8,50m D\u00e9placement : 12 tonnes Hauteur hors tout : 26m Capacit\u00e9 en eau : 1000<\/p>\n","protected":false},"author":2,"featured_media":0,"parent":86,"menu_order":1,"comment_status":"closed","ping_status":"closed","template":"","meta":{"om_disable_all_campaigns":false,"_monsterinsights_skip_tracking":false,"_monsterinsights_sitenote_active":false,"_monsterinsights_sitenote_note":"","_monsterinsights_sitenote_category":0,"footnotes":""},"class_list":["post-29","page","type-page","status-publish","hentry"],"aioseo_notices":[],"_links":{"self":[{"href":"https:\/\/abmarine.fr\/index.php\/wp-json\/wp\/v2\/pages\/29","targetHints":{"allow":["GET"]}}],"collection":[{"href":"https:\/\/abmarine.fr\/index.php\/wp-json\/wp\/v2\/pages"}],"about":[{"href":"https:\/\/abmarine.fr\/index.php\/wp-json\/wp\/v2\/types\/page"}],"author":[{"embeddable":true,"href":"https:\/\/abmarine.fr\/index.php\/wp-json\/wp\/v2\/users\/2"}],"replies":[{"embeddable":true,"href":"https:\/\/abmarine.fr\/index.php\/wp-json\/wp\/v2\/comments?post=29"}],"version-history":[{"count":5,"href":"https:\/\/abmarine.fr\/index.php\/wp-json\/wp\/v2\/pages\/29\/revisions"}],"predecessor-version":[{"id":197,"href":"https:\/\/abmarine.fr\/index.php\/wp-json\/wp\/v2\/pages\/29\/revisions\/197"}],"up":[{"embeddable":true,"href":"https:\/\/abmarine.fr\/index.php\/wp-json\/wp\/v2\/pages\/86"}],"wp:attachment":[{"href":"https:\/\/abmarine.fr\/index.php\/wp-json\/wp\/v2\/media?parent=29"}],"curies":[{"name":"wp","href":"https:\/\/api.w.org\/{rel}","templated":true}]}}