{"id":234,"date":"2016-10-10T13:23:57","date_gmt":"2016-10-10T11:23:57","guid":{"rendered":"http:\/\/abmarine.fr\/?page_id=234"},"modified":"2017-05-16T15:01:52","modified_gmt":"2017-05-16T13:01:52","slug":"accueil","status":"publish","type":"page","link":"https:\/\/abmarine.fr\/","title":{"rendered":"Accueil"},"content":{"rendered":"<p><strong>AB Marine<\/strong> est un chantier naval qui con\u00e7oit, fabrique et assemble des catamarans de 12 \u00e0 18 m\u00e8tres en bois \u00e9poxy.<\/p>\n<p><img loading=\"lazy\" decoding=\"async\" class=\"aligncenter wp-image-160\" src=\"http:\/\/abmarine.fr\/wp-content\/uploads\/2016\/04\/vue-roof-eclipse-452-e1461163429133-300x103.jpg\" width=\"813\" height=\"279\" srcset=\"https:\/\/abmarine.fr\/wp-content\/uploads\/2016\/04\/vue-roof-eclipse-452-e1461163429133-300x103.jpg 300w, https:\/\/abmarine.fr\/wp-content\/uploads\/2016\/04\/vue-roof-eclipse-452-e1461163429133-768x264.jpg 768w, https:\/\/abmarine.fr\/wp-content\/uploads\/2016\/04\/vue-roof-eclipse-452-e1461163429133-1024x352.jpg 1024w, https:\/\/abmarine.fr\/wp-content\/uploads\/2016\/04\/vue-roof-eclipse-452-e1461163429133.jpg 1904w\" sizes=\"auto, (max-width: 813px) 100vw, 813px\" \/><\/p>\n<p>Depuis 2010, vous pouvez acheter un <strong>catamaran en kit, \u00e0 partir de 65 000\u20ac<\/strong>. La technologie bois\/\u00e9poxy permet de fabriquer des bateaux l\u00e9ger et tr\u00e8s performants, avec tous les avantages qu&rsquo;apportent ces mat\u00e9riaux :<\/p>\n<ul>\n<li>Poids<\/li>\n<li>Impact \u00e9cologique<\/li>\n<li>R\u00e9sistance \u00e0 la contrainte<\/li>\n<li>Facilit\u00e9 de mise en \u0153uvre<\/li>\n<\/ul>\n<h1>Port \u00e0 sec<\/h1>\n<p><strong>Prochainement<\/strong>, les services propos\u00e9s par AB Marine s&rsquo;agrandiront, avec des offres de :<\/p>\n<ul>\n<li>Port \u00e0 sec<\/li>\n<li>Hivernage<\/li>\n<li>Entretien<\/li>\n<li>R\u00e9paration<\/li>\n<\/ul>\n<p>Ces services seront accessibles pour les bateaux les plus larges.<\/p>\n","protected":false},"excerpt":{"rendered":"<p>AB Marine est un chantier naval qui con\u00e7oit, fabrique et assemble des catamarans de 12 \u00e0 18 m\u00e8tres en bois \u00e9poxy. Depuis 2010, vous pouvez acheter un catamaran en kit, \u00e0 partir de 65 000\u20ac. La technologie bois\/\u00e9poxy permet de<\/p>\n","protected":false},"author":2,"featured_media":0,"parent":0,"menu_order":0,"comment_status":"closed","ping_status":"closed","template":"","meta":{"om_disable_all_campaigns":false,"_monsterinsights_skip_tracking":false,"_monsterinsights_sitenote_active":false,"_monsterinsights_sitenote_note":"","_monsterinsights_sitenote_category":0,"footnotes":""},"class_list":["post-234","page","type-page","status-publish","hentry"],"aioseo_notices":[],"_links":{"self":[{"href":"https:\/\/abmarine.fr\/index.php\/wp-json\/wp\/v2\/pages\/234","targetHints":{"allow":["GET"]}}],"collection":[{"href":"https:\/\/abmarine.fr\/index.php\/wp-json\/wp\/v2\/pages"}],"about":[{"href":"https:\/\/abmarine.fr\/index.php\/wp-json\/wp\/v2\/types\/page"}],"author":[{"embeddable":true,"href":"https:\/\/abmarine.fr\/index.php\/wp-json\/wp\/v2\/users\/2"}],"replies":[{"embeddable":true,"href":"https:\/\/abmarine.fr\/index.php\/wp-json\/wp\/v2\/comments?post=234"}],"version-history":[{"count":3,"href":"https:\/\/abmarine.fr\/index.php\/wp-json\/wp\/v2\/pages\/234\/revisions"}],"predecessor-version":[{"id":252,"href":"https:\/\/abmarine.fr\/index.php\/wp-json\/wp\/v2\/pages\/234\/revisions\/252"}],"wp:attachment":[{"href":"https:\/\/abmarine.fr\/index.php\/wp-json\/wp\/v2\/media?parent=234"}],"curies":[{"name":"wp","href":"https:\/\/api.w.org\/{rel}","templated":true}]}}