{"id":165,"date":"2016-04-20T15:52:32","date_gmt":"2016-04-20T13:52:32","guid":{"rendered":"http:\/\/abmarine.fr\/?page_id=165"},"modified":"2017-04-26T19:53:44","modified_gmt":"2017-04-26T17:53:44","slug":"catamaran-en-kit","status":"publish","type":"page","link":"https:\/\/abmarine.fr\/index.php\/la-gamme-eclipse\/catamaran-en-kit\/","title":{"rendered":"Catamaran en kit"},"content":{"rendered":"<h1>Catamaran en Kit<\/h1>\n<p>Depuis 2010, AB Marine propose toute sa gamme de catamaran en kit, pour les plus bricoleurs !<\/p>\n<p>Nous vous livrons l&rsquo;ensemble des couples, bord\u00e9es, fond de coque, roof etc. et vous assemblez vous-m\u00eame votre catamaran.<\/p>\n<p><img loading=\"lazy\" decoding=\"async\" class=\"alignnone wp-image-157\" src=\"http:\/\/abmarine.fr\/wp-content\/uploads\/2016\/04\/sortie-du-bateau-26-e1461163826761-300x161.jpg\" alt=\"sortie du bateau (26)\" width=\"821\" height=\"441\" srcset=\"https:\/\/abmarine.fr\/wp-content\/uploads\/2016\/04\/sortie-du-bateau-26-e1461163826761-300x161.jpg 300w, https:\/\/abmarine.fr\/wp-content\/uploads\/2016\/04\/sortie-du-bateau-26-e1461163826761-768x413.jpg 768w, https:\/\/abmarine.fr\/wp-content\/uploads\/2016\/04\/sortie-du-bateau-26-e1461163826761-1024x550.jpg 1024w\" sizes=\"auto, (max-width: 821px) 100vw, 821px\" \/><\/p>\n<p>Il faut savoir que la main d\u2019\u0153uvre repr\u00e9sente une grande part des co\u00fbts de fabrication. Ainsi, un bateau en kit est g\u00e9n\u00e9ralement <span style=\"text-decoration: underline;\">5 \u00e0 6 fois moins cher<\/span> qu&rsquo;un bateau barre en main !<\/p>\n<p>Exemple de kit (pdf) : <a href=\"http:\/\/abmarine.fr\/wp-content\/uploads\/2016\/04\/Contenu_20du_20kit_20Eclipse_20472.pdf\">Kit Eclipse 472<\/a><\/p>\n<p>N&rsquo;h\u00e9sitez pas \u00e0 nous contacter pour un devis.<\/p>\n","protected":false},"excerpt":{"rendered":"<p>Catamaran en Kit Depuis 2010, AB Marine propose toute sa gamme de catamaran en kit, pour les plus bricoleurs ! Nous vous livrons l&rsquo;ensemble des couples, bord\u00e9es, fond de coque, roof etc. et vous assemblez vous-m\u00eame votre catamaran. Il faut<\/p>\n","protected":false},"author":2,"featured_media":0,"parent":86,"menu_order":5,"comment_status":"closed","ping_status":"closed","template":"","meta":{"om_disable_all_campaigns":false,"_monsterinsights_skip_tracking":false,"_monsterinsights_sitenote_active":false,"_monsterinsights_sitenote_note":"","_monsterinsights_sitenote_category":0,"footnotes":""},"class_list":["post-165","page","type-page","status-publish","hentry"],"aioseo_notices":[],"_links":{"self":[{"href":"https:\/\/abmarine.fr\/index.php\/wp-json\/wp\/v2\/pages\/165","targetHints":{"allow":["GET"]}}],"collection":[{"href":"https:\/\/abmarine.fr\/index.php\/wp-json\/wp\/v2\/pages"}],"about":[{"href":"https:\/\/abmarine.fr\/index.php\/wp-json\/wp\/v2\/types\/page"}],"author":[{"embeddable":true,"href":"https:\/\/abmarine.fr\/index.php\/wp-json\/wp\/v2\/users\/2"}],"replies":[{"embeddable":true,"href":"https:\/\/abmarine.fr\/index.php\/wp-json\/wp\/v2\/comments?post=165"}],"version-history":[{"count":3,"href":"https:\/\/abmarine.fr\/index.php\/wp-json\/wp\/v2\/pages\/165\/revisions"}],"predecessor-version":[{"id":169,"href":"https:\/\/abmarine.fr\/index.php\/wp-json\/wp\/v2\/pages\/165\/revisions\/169"}],"up":[{"embeddable":true,"href":"https:\/\/abmarine.fr\/index.php\/wp-json\/wp\/v2\/pages\/86"}],"wp:attachment":[{"href":"https:\/\/abmarine.fr\/index.php\/wp-json\/wp\/v2\/media?parent=165"}],"curies":[{"name":"wp","href":"https:\/\/api.w.org\/{rel}","templated":true}]}}